{"id":641,"date":"2025-05-02T19:47:11","date_gmt":"2025-05-02T19:47:11","guid":{"rendered":"https:\/\/paramaz-paris.com\/product\/gift-card\/"},"modified":"2025-12-11T11:06:22","modified_gmt":"2025-12-11T11:06:22","slug":"carte-cadeau-50-eur","status":"publish","type":"product","link":"https:\/\/paramaz-paris.com\/en\/product\/carte-cadeau-50-eur\/","title":{"rendered":"Gift Card 50 EUR"},"content":{"rendered":"","protected":false},"excerpt":{"rendered":"<p>Offrez l\u2019univers PARAMAZ : valable sur nos cr\u00e9ations de maroquinerie. Le destinataire re\u00e7oit sa carte cadeau par e-mail, accompagn\u00e9e d\u2019un code \u00e0 saisir lors de l\u2019achat pour d\u00e9duire le montant offert.<\/p>","protected":false},"featured_media":583,"template":"","meta":[],"product_brand":[],"product_cat":[61],"product_tag":[],"class_list":{"0":"post-641","1":"product","2":"type-product","3":"status-publish","4":"has-post-thumbnail","6":"product_cat-cartes-cadeau","8":"first","9":"instock","10":"taxable","11":"shipping-taxable","12":"purchasable","13":"product-type-giftcard"},"_links":{"self":[{"href":"https:\/\/paramaz-paris.com\/en\/wp-json\/wp\/v2\/product\/641","targetHints":{"allow":["GET"]}}],"collection":[{"href":"https:\/\/paramaz-paris.com\/en\/wp-json\/wp\/v2\/product"}],"about":[{"href":"https:\/\/paramaz-paris.com\/en\/wp-json\/wp\/v2\/types\/product"}],"wp:featuredmedia":[{"embeddable":true,"href":"https:\/\/paramaz-paris.com\/en\/wp-json\/wp\/v2\/media\/583"}],"wp:attachment":[{"href":"https:\/\/paramaz-paris.com\/en\/wp-json\/wp\/v2\/media?parent=641"}],"wp:term":[{"taxonomy":"product_brand","embeddable":true,"href":"https:\/\/paramaz-paris.com\/en\/wp-json\/wp\/v2\/product_brand?post=641"},{"taxonomy":"product_cat","embeddable":true,"href":"https:\/\/paramaz-paris.com\/en\/wp-json\/wp\/v2\/product_cat?post=641"},{"taxonomy":"product_tag","embeddable":true,"href":"https:\/\/paramaz-paris.com\/en\/wp-json\/wp\/v2\/product_tag?post=641"}],"curies":[{"name":"wp","href":"https:\/\/api.w.org\/{rel}","templated":true}]}}